{"id":5,"date":"2022-06-25T12:11:53","date_gmt":"2022-06-25T15:11:53","guid":{"rendered":"https:\/\/olivaresdelassierras.com.ar\/?page_id=5"},"modified":"2022-06-25T17:15:56","modified_gmt":"2022-06-25T20:15:56","slug":"politica-de-privacidad","status":"publish","type":"page","link":"https:\/\/olivaresdelassierras.com.ar\/home\/politica-de-privacidad\/","title":{"rendered":"Pol\u00edtica de privacidad"},"content":{"rendered":"\n<p><em>Olivares de las Sierras, www.olivaresdelassierras.com.ar <\/em>est\u00e1 comprometido a proteger al m\u00e1ximo la privacidad de los servicios brindados y de los datos de sus usuarios. Se expone a continuaci\u00f3n la pol\u00edtica de privacidad que se utiliza con su informaci\u00f3n personal cuando use nuestros servicios.<\/p>\n\n\n\n<h3 class=\"wp-block-heading\">a. Toma de datos y uso de la informaci\u00f3n<\/h3>\n\n\n\n<p><em>Olivares de las Sierras<\/em> recoge informaci\u00f3n personal de usuarios que se registran para obtener un servicio. Dicha informaci\u00f3n sirve para que nosotros podamos estar en contacto con usted ante la necesidad de hacerlo, para que pueda utilizar nuestros servicios en plenitud, para que pueda participar de promociones y beneficios, y por sobre todas las cosas, por seguridad.<\/p>\n\n\n\n<p>Cuando usted pide un servicio en <em>www.olivaresdelassierras.com.ar <\/em>, le solicitamos: Datos personales y de contacto, adem\u00e1s de los datos referentes al servicio por utilizar. Es a partir de all\u00ed que usted empieza a ser usuario de nuestra empresa.<\/p>\n\n\n\n<p>Tambi\u00e9n recibimos y registramos informaci\u00f3n proveniente de tu navegador: Direcci\u00f3n IP y cookies de nuestro sitio web. Utilizamos esta informaci\u00f3n como medio de seguridad y para su mejor atenci\u00f3n.<\/p>\n\n\n\n<h3 class=\"wp-block-heading\">b. Menores de edad<\/h3>\n\n\n\n<p>Te informamos que si eres menor de edad, necesitar\u00e1s del consentimiento de tus padres o tutores antes de facilitarnos tus datos personales.<\/p>\n\n\n\n<p><em>Olivares de las Sierras<\/em> da por hecho que desde el momento en que un menor de edad accede al portal, cuenta con el permiso de sus padres, de su tutor o de su representante legal.<\/p>\n\n\n\n<h3 class=\"wp-block-heading\">c. Compartir y revelar informaci\u00f3n<\/h3>\n\n\n\n<p><em>Olivares de las Sierras<\/em> no vende ni alquila a nadie informaci\u00f3n personal de sus usuarios bajo ning\u00fan concepto.<\/p>\n\n\n\n<p><em>Olivares de las Sierras<\/em> compartir\u00e1 la informaci\u00f3n personal que nos proporcionas solo si:<\/p>\n\n\n\n<p><strong>&nbsp;&nbsp;&nbsp; &#8211;<\/strong> Nos vemos en la necesidad de responder a citaciones jur\u00eddicas y\/o a procesos legales.<\/p>\n\n\n\n<p><strong>&nbsp;&nbsp;&nbsp; &#8211;<\/strong> <em>Olivares de las Sierras<\/em> fuera adquirido por otra compa\u00f1\u00eda o se fusione con ella. Si esto sucediera, <em>Olivares de las Sierras<\/em> le notificar\u00e1 que compartir\u00e1 su informaci\u00f3n personal antes de transferirla o regirla por otra pol\u00edtica de privacidad distinta a la presente.<\/p>\n\n\n\n<h3 class=\"wp-block-heading\">d. Cookies<\/h3>\n\n\n\n<p><em>Olivares de las Sierras<\/em> puede colocar cookies en su computadora y tambi\u00e9n tener acceso a ellas.<\/p>\n\n\n\n<h3 class=\"wp-block-heading\">e. Borrar o actualizar su informaci\u00f3n<\/h3>\n\n\n\n<p><em>Olivares de las Sierras<\/em> le permite modificar su informaci\u00f3n de contacto desde la mesa de usuarios en forma parcial. Si necesitase modificar datos no editables, simplemente contacte con nuestros operadores.<\/p>\n\n\n\n<h3 class=\"wp-block-heading\">e. Seguridad<\/h3>\n\n\n\n<p>La informaci\u00f3n personal de tu cuenta en <em>Olivares de las Sierras<\/em> est\u00e1 protegida por una contrase\u00f1a.<\/p>\n\n\n\n<p>En ciertas \u00e1reas <em>Olivares de las Sierras <\/em>protege la transmisi\u00f3n de tus datos personales con la tecnolog\u00eda SSL (Secure Sockets Layer) y los almacena en un formato codificado (encriptado). El acceso a tu informaci\u00f3n personal est\u00e1 limitado s\u00f3lo a aquellos empleados de<em> Olivares de las Sierras<\/em> quienes consideramos necesitan tener contacto con esos datos para proporcionarte los productos y el servicio que nos pides.<\/p>\n\n\n\n<h3 class=\"wp-block-heading\">f. Modificaciones a estas Pol\u00edticas de Privacidad<\/h3>\n\n\n\n<p><em>Olivares de las Sierras<\/em> realiza correcciones a estas pol\u00edticas ocasionalmente. Si los cambios que realizamos son importantes y afectan directamente al uso que le damos a la informaci\u00f3n personal de nuestros usuarios, se los haremos saber colocando en nuestras p\u00e1ginas avisos destacados al respecto.<\/p>\n\n\n\n<h3 class=\"wp-block-heading\">g. Dudas o sugerencias<\/h3>\n\n\n\n<p>Si tienes dudas o sugerencias respecto de nuestra Pol\u00edtica de privacidad, por favor cont\u00e1ctese con nuestros operadores.<\/p>\n","protected":false},"excerpt":{"rendered":"<p>Olivares de las Sierras, www.olivaresdelassierras.com.ar est\u00e1 comprometido a proteger al m\u00e1ximo la privacidad de los servicios brindados y de los datos de sus usuarios. Se expone a continuaci\u00f3n la pol\u00edtica de privacidad que se utiliza con su informaci\u00f3n personal cuando use nuestros servicios. a. Toma de datos y uso de la informaci\u00f3n Olivares de las [&hellip;]<\/p>\n","protected":false},"author":1,"featured_media":0,"parent":0,"menu_order":3,"comment_status":"closed","ping_status":"closed","template":"","meta":{"om_disable_all_campaigns":false,"_monsterinsights_skip_tracking":false,"_monsterinsights_sitenote_active":false,"_monsterinsights_sitenote_note":"","_monsterinsights_sitenote_category":0,"site-sidebar-layout":"default","site-content-layout":"","ast-site-content-layout":"default","site-content-style":"default","site-sidebar-style":"default","ast-global-header-display":"","ast-banner-title-visibility":"","ast-main-header-display":"","ast-hfb-above-header-display":"","ast-hfb-below-header-display":"","ast-hfb-mobile-header-display":"","site-post-title":"","ast-breadcrumbs-content":"","ast-featured-img":"","footer-sml-layout":"","ast-disable-related-posts":"","theme-transparent-header-meta":"","adv-header-id-meta":"","stick-header-meta":"","header-above-stick-meta":"","header-main-stick-meta":"","header-below-stick-meta":"","astra-migrate-meta-layouts":"default","ast-page-background-enabled":"default","ast-page-background-meta":{"desktop":{"background-color":"var(--ast-global-color-4)","background-image":"","background-repeat":"repeat","background-position":"center center","background-size":"auto","background-attachment":"scroll","background-type":"","background-media":"","overlay-type":"","overlay-color":"","overlay-opacity":"","overlay-gradient":""},"tablet":{"background-color":"","background-image":"","background-repeat":"repeat","background-position":"center center","background-size":"auto","background-attachment":"scroll","background-type":"","background-media":"","overlay-type":"","overlay-color":"","overlay-opacity":"","overlay-gradient":""},"mobile":{"background-color":"","background-image":"","background-repeat":"repeat","background-position":"center center","background-size":"auto","background-attachment":"scroll","background-type":"","background-media":"","overlay-type":"","overlay-color":"","overlay-opacity":"","overlay-gradient":""}},"ast-content-background-meta":{"desktop":{"background-color":"var(--ast-global-color-5)","background-image":"","background-repeat":"repeat","background-position":"center center","background-size":"auto","background-attachment":"scroll","background-type":"","background-media":"","overlay-type":"","overlay-color":"","overlay-opacity":"","overlay-gradient":""},"tablet":{"background-color":"var(--ast-global-color-5)","background-image":"","background-repeat":"repeat","background-position":"center center","background-size":"auto","background-attachment":"scroll","background-type":"","background-media":"","overlay-type":"","overlay-color":"","overlay-opacity":"","overlay-gradient":""},"mobile":{"background-color":"var(--ast-global-color-5)","background-image":"","background-repeat":"repeat","background-position":"center center","background-size":"auto","background-attachment":"scroll","background-type":"","background-media":"","overlay-type":"","overlay-color":"","overlay-opacity":"","overlay-gradient":""}},"footnotes":""},"class_list":["post-5","page","type-page","status-publish","hentry"],"aioseo_notices":[],"_links":{"self":[{"href":"https:\/\/olivaresdelassierras.com.ar\/home\/wp-json\/wp\/v2\/pages\/5","targetHints":{"allow":["GET"]}}],"collection":[{"href":"https:\/\/olivaresdelassierras.com.ar\/home\/wp-json\/wp\/v2\/pages"}],"about":[{"href":"https:\/\/olivaresdelassierras.com.ar\/home\/wp-json\/wp\/v2\/types\/page"}],"author":[{"embeddable":true,"href":"https:\/\/olivaresdelassierras.com.ar\/home\/wp-json\/wp\/v2\/users\/1"}],"replies":[{"embeddable":true,"href":"https:\/\/olivaresdelassierras.com.ar\/home\/wp-json\/wp\/v2\/comments?post=5"}],"version-history":[{"count":2,"href":"https:\/\/olivaresdelassierras.com.ar\/home\/wp-json\/wp\/v2\/pages\/5\/revisions"}],"predecessor-version":[{"id":8,"href":"https:\/\/olivaresdelassierras.com.ar\/home\/wp-json\/wp\/v2\/pages\/5\/revisions\/8"}],"wp:attachment":[{"href":"https:\/\/olivaresdelassierras.com.ar\/home\/wp-json\/wp\/v2\/media?parent=5"}],"curies":[{"name":"wp","href":"https:\/\/api.w.org\/{rel}","templated":true}]}}